{"id":2097,"date":"2025-06-03T17:49:54","date_gmt":"2025-06-03T15:49:54","guid":{"rendered":"https:\/\/contigo-deutschland.de\/?post_type=product&#038;p=2097"},"modified":"2025-06-03T18:11:29","modified_gmt":"2025-06-03T16:11:29","slug":"west-loop-mini-autoseal","status":"publish","type":"product","link":"https:\/\/contigo-deutschland.de\/index.php\/product\/west-loop-mini-autoseal\/","title":{"rendered":"West Loop mini Autoseal"},"content":{"rendered":"<table width=\"605\">\n<tbody>\n<tr>\n<td style=\"font-weight: 400;\" width=\"605\">West Loop mini<br \/>\nZum Trinken auf den Knopf dr\u00fccken, zum Verschlie\u00dfen loslassen &#8211; die patentierte AUTOSEAL Technology\u2122 sorgt f\u00fcr 100 % auslaufsichere Sicherheit unterwegs<br \/>\nDas ikonische Geh\u00e4use ist in einer Vielzahl von Farben und Gr\u00f6\u00dfen erh\u00e4ltlich und passt in jede Tasche<br \/>\nPasst in die meisten Getr\u00e4nkehalter im Auto und kann unter Kaffeemaschinen gestellt werden<br \/>\nEinh\u00e4ndige Bedienung f\u00fcr ein optimales Erlebnis unterwegs Knopfverschluss f\u00fcr zus\u00e4tzliche Sicherheit<br \/>\nEinteiliger Deckel &#8211; keine losen Teile, die verlegt werden k\u00f6nnen Deckel und Geh\u00e4use sind sp\u00fclmaschinenfest und leicht zu reinigen.<br \/>\nTHERMALOCK\u2122 Vakuum-Isolierung und die Kupferbeschichtungstechnologie halten Getr\u00e4nke bis zu 4 Stunden hei\u00df oder bis zu 14 Stunden kalt<br \/>\nBPA-frei<br \/>\nMaterial: Rostfreier Stahl<\/td>\n<\/tr>\n<\/tbody>\n<\/table>\n","protected":false},"excerpt":{"rendered":"<p>West Loop mini Zum Trinken auf den Knopf dr\u00fccken, zum Verschlie\u00dfen loslassen &#8211; die patentierte AUTOSEAL Technology\u2122 sorgt f\u00fcr 100<\/p>\n","protected":false},"featured_media":2136,"template":"","meta":[],"product_brand":[],"product_cat":[54],"product_tag":[],"class_list":{"0":"post-2097","1":"product","2":"type-product","3":"status-publish","4":"has-post-thumbnail","6":"product_cat-thermobecher","8":"first","9":"instock","10":"shipping-taxable","11":"purchasable","12":"product-type-variable"},"jetpack_sharing_enabled":true,"_links":{"self":[{"href":"https:\/\/contigo-deutschland.de\/index.php\/wp-json\/wp\/v2\/product\/2097","targetHints":{"allow":["GET"]}}],"collection":[{"href":"https:\/\/contigo-deutschland.de\/index.php\/wp-json\/wp\/v2\/product"}],"about":[{"href":"https:\/\/contigo-deutschland.de\/index.php\/wp-json\/wp\/v2\/types\/product"}],"version-history":[{"count":1,"href":"https:\/\/contigo-deutschland.de\/index.php\/wp-json\/wp\/v2\/product\/2097\/revisions"}],"predecessor-version":[{"id":2137,"href":"https:\/\/contigo-deutschland.de\/index.php\/wp-json\/wp\/v2\/product\/2097\/revisions\/2137"}],"wp:featuredmedia":[{"embeddable":true,"href":"https:\/\/contigo-deutschland.de\/index.php\/wp-json\/wp\/v2\/media\/2136"}],"wp:attachment":[{"href":"https:\/\/contigo-deutschland.de\/index.php\/wp-json\/wp\/v2\/media?parent=2097"}],"wp:term":[{"taxonomy":"product_brand","embeddable":true,"href":"https:\/\/contigo-deutschland.de\/index.php\/wp-json\/wp\/v2\/product_brand?post=2097"},{"taxonomy":"product_cat","embeddable":true,"href":"https:\/\/contigo-deutschland.de\/index.php\/wp-json\/wp\/v2\/product_cat?post=2097"},{"taxonomy":"product_tag","embeddable":true,"href":"https:\/\/contigo-deutschland.de\/index.php\/wp-json\/wp\/v2\/product_tag?post=2097"}],"curies":[{"name":"wp","href":"https:\/\/api.w.org\/{rel}","templated":true}]}}