{"id":1757,"date":"2025-02-01T15:24:58","date_gmt":"2025-02-01T14:24:58","guid":{"rendered":"https:\/\/contigo-deutschland.de\/?post_type=product&#038;p=1757"},"modified":"2025-06-03T17:41:13","modified_gmt":"2025-06-03T15:41:13","slug":"swish-autoseal","status":"publish","type":"product","link":"https:\/\/contigo-deutschland.de\/index.php\/product\/swish-autoseal\/","title":{"rendered":"Swish Autoseal"},"content":{"rendered":"<p>Swish AUTOSEAL\u2122 Kinder Trinkflasche, 500ml<br \/>\nMit AUTOSEAL-Technologie f\u00fcr tropffreie und auslaufsichere Verwendung unterwegs<br \/>\nZum Trinken einfach den Knopf dr\u00fccken, beim Loslassen schlie\u00dft sich der Deckel automatisch<br \/>\nEinh\u00e4ndig bedienbar und damit optimal f\u00fcr unterwegs<br \/>\nEinteiliger Deckel \u2013 keine losen Teile, die verlegt werden k\u00f6nnen<br \/>\nDeckel und K\u00f6rper k\u00f6nnen im oberen Korb der Sp\u00fclmaschine gereinigt werden<br \/>\nPasst in die meisten Becherhalter<br \/>\nAbstellen ohne Klirren dank weicher Unterseite<br \/>\nBPA-frei &#8211; den geltenden Gesetzen entsprechend<\/p>\n","protected":false},"excerpt":{"rendered":"<p>Swish AUTOSEAL\u2122 Kinder Trinkflasche, 500ml Mit AUTOSEAL-Technologie f\u00fcr tropffreie und auslaufsichere Verwendung unterwegs Zum Trinken einfach den Knopf dr\u00fccken, beim<\/p>\n","protected":false},"featured_media":2094,"template":"","meta":[],"product_brand":[],"product_cat":[57],"product_tag":[],"class_list":{"0":"post-1757","1":"product","2":"type-product","3":"status-publish","4":"has-post-thumbnail","6":"product_cat-trinkflasche","8":"first","9":"instock","10":"shipping-taxable","11":"purchasable","12":"product-type-variable"},"jetpack_sharing_enabled":true,"_links":{"self":[{"href":"https:\/\/contigo-deutschland.de\/index.php\/wp-json\/wp\/v2\/product\/1757","targetHints":{"allow":["GET"]}}],"collection":[{"href":"https:\/\/contigo-deutschland.de\/index.php\/wp-json\/wp\/v2\/product"}],"about":[{"href":"https:\/\/contigo-deutschland.de\/index.php\/wp-json\/wp\/v2\/types\/product"}],"version-history":[{"count":1,"href":"https:\/\/contigo-deutschland.de\/index.php\/wp-json\/wp\/v2\/product\/1757\/revisions"}],"predecessor-version":[{"id":1767,"href":"https:\/\/contigo-deutschland.de\/index.php\/wp-json\/wp\/v2\/product\/1757\/revisions\/1767"}],"wp:featuredmedia":[{"embeddable":true,"href":"https:\/\/contigo-deutschland.de\/index.php\/wp-json\/wp\/v2\/media\/2094"}],"wp:attachment":[{"href":"https:\/\/contigo-deutschland.de\/index.php\/wp-json\/wp\/v2\/media?parent=1757"}],"wp:term":[{"taxonomy":"product_brand","embeddable":true,"href":"https:\/\/contigo-deutschland.de\/index.php\/wp-json\/wp\/v2\/product_brand?post=1757"},{"taxonomy":"product_cat","embeddable":true,"href":"https:\/\/contigo-deutschland.de\/index.php\/wp-json\/wp\/v2\/product_cat?post=1757"},{"taxonomy":"product_tag","embeddable":true,"href":"https:\/\/contigo-deutschland.de\/index.php\/wp-json\/wp\/v2\/product_tag?post=1757"}],"curies":[{"name":"wp","href":"https:\/\/api.w.org\/{rel}","templated":true}]}}