{"id":1754,"date":"2025-02-01T15:24:57","date_gmt":"2025-02-01T14:24:57","guid":{"rendered":"https:\/\/contigo-deutschland.de\/?post_type=product&#038;p=1754"},"modified":"2025-06-03T17:38:35","modified_gmt":"2025-06-03T15:38:35","slug":"gizmo-flip","status":"publish","type":"product","link":"https:\/\/contigo-deutschland.de\/index.php\/product\/gizmo-flip\/","title":{"rendered":"Gizmo Flip"},"content":{"rendered":"<p>Gizmo Flip AUTOSPOUT Kinder, 420 ml<br \/>\nAUTOSPOUT-Technologie und tropffreies Ventil sch\u00fctzen vor Auslaufen und Versch\u00fctten<br \/>\nKinder haben Spa\u00df daran, den Strohhalm per Knopfdruck auszuklappen, und ebenso am m\u00fchelosen einh\u00e4ndigen Trinken<br \/>\nSicheres Trinken \u2013 Schutzabdeckung f\u00fcr den Ausguss, um Schmutz und Dreck fernzuhalten<br \/>\nDer Strohhalm l\u00e4sst sich abnehmen, um beim Reinigen alle Stellen zu erreichen, bleibt aber befestigt, sodass keine losen Teile verlegt werden k\u00f6nnen<br \/>\nDeckel leicht zu reinigen &#8211; so gestaltet, dass alle Stellen, an denen sich Schmutz und Dreck ansammeln k\u00f6nnten, leicht erreichbar sind<br \/>\nDeckel und K\u00f6rper k\u00f6nnen im oberen Korb der Sp\u00fclmaschine gereinigt werden<br \/>\nPasst in die meisten Becherhalter<br \/>\nWeicher Tragriemen f\u00fcr bequemes Mitnehmen unterwegs<br \/>\nStrohhalm angewinkelt, damit die Flasche komplett leergetrunken werden kann<br \/>\nBPA-frei &#8211; den geltenden Gesetzen entsprechend<\/p>\n","protected":false},"excerpt":{"rendered":"<p>Gizmo Flip AUTOSPOUT Kinder, 420 ml AUTOSPOUT-Technologie und tropffreies Ventil sch\u00fctzen vor Auslaufen und Versch\u00fctten Kinder haben Spa\u00df daran, den<\/p>\n","protected":false},"featured_media":2093,"template":"","meta":[],"product_brand":[],"product_cat":[96],"product_tag":[],"class_list":{"0":"post-1754","1":"product","2":"type-product","3":"status-publish","4":"has-post-thumbnail","6":"product_cat-kinder-trinkflasche","8":"first","9":"instock","10":"shipping-taxable","11":"purchasable","12":"product-type-variable"},"jetpack_sharing_enabled":true,"_links":{"self":[{"href":"https:\/\/contigo-deutschland.de\/index.php\/wp-json\/wp\/v2\/product\/1754","targetHints":{"allow":["GET"]}}],"collection":[{"href":"https:\/\/contigo-deutschland.de\/index.php\/wp-json\/wp\/v2\/product"}],"about":[{"href":"https:\/\/contigo-deutschland.de\/index.php\/wp-json\/wp\/v2\/types\/product"}],"version-history":[{"count":1,"href":"https:\/\/contigo-deutschland.de\/index.php\/wp-json\/wp\/v2\/product\/1754\/revisions"}],"predecessor-version":[{"id":1766,"href":"https:\/\/contigo-deutschland.de\/index.php\/wp-json\/wp\/v2\/product\/1754\/revisions\/1766"}],"wp:featuredmedia":[{"embeddable":true,"href":"https:\/\/contigo-deutschland.de\/index.php\/wp-json\/wp\/v2\/media\/2093"}],"wp:attachment":[{"href":"https:\/\/contigo-deutschland.de\/index.php\/wp-json\/wp\/v2\/media?parent=1754"}],"wp:term":[{"taxonomy":"product_brand","embeddable":true,"href":"https:\/\/contigo-deutschland.de\/index.php\/wp-json\/wp\/v2\/product_brand?post=1754"},{"taxonomy":"product_cat","embeddable":true,"href":"https:\/\/contigo-deutschland.de\/index.php\/wp-json\/wp\/v2\/product_cat?post=1754"},{"taxonomy":"product_tag","embeddable":true,"href":"https:\/\/contigo-deutschland.de\/index.php\/wp-json\/wp\/v2\/product_tag?post=1754"}],"curies":[{"name":"wp","href":"https:\/\/api.w.org\/{rel}","templated":true}]}}