{"id":1739,"date":"2025-02-01T15:24:48","date_gmt":"2025-02-01T14:24:48","guid":{"rendered":"https:\/\/contigo-deutschland.de\/?post_type=product&#038;p=1739"},"modified":"2025-06-03T17:32:26","modified_gmt":"2025-06-03T15:32:26","slug":"jackson-autopop-2-0","status":"publish","type":"product","link":"https:\/\/contigo-deutschland.de\/index.php\/product\/jackson-autopop-2-0\/","title":{"rendered":"Jackson 2.0"},"content":{"rendered":"<p>Jackson AUTOPOP\u2122 Trinkflasche, 720 ml<br \/>\nMit AUTOPOP-Technologie, die unterwegs f\u00fcr Auslaufsicherheit sorgt (bei geschlossenem Deckel)<br \/>\nAuf Knopfdruck springt der Deckel auf und erm\u00f6glicht bequemes Trinken unterwegs<br \/>\nEinh\u00e4ndig bedienbar und damit optimal f\u00fcr unterwegs<br \/>\nSicheres Trinken \u2013 Schutzabdeckung f\u00fcr den Ausguss, um Schmutz und Dreck fernzuhalten<br \/>\nDeckel und K\u00f6rper k\u00f6nnen im oberen Korb der Sp\u00fclmaschine gereinigt werden<br \/>\nTastensperre f\u00fcr zus\u00e4tzliche Sicherheit unterwegs<br \/>\nKlappgriff f\u00fcr einfache Aufbewahrung<br \/>\nPasst in die Becherhalter der meisten Autos und in die Flaschenhalter der meisten Fahrr\u00e4der<br \/>\nAus geruchs- und schmutzabweisendem TRITAN<br \/>\nBPA-frei &#8211; den geltenden Gesetzen entsprechend<\/p>\n","protected":false},"excerpt":{"rendered":"<p>Jackson AUTOPOP\u2122 Trinkflasche, 720 ml Mit AUTOPOP-Technologie, die unterwegs f\u00fcr Auslaufsicherheit sorgt (bei geschlossenem Deckel) Auf Knopfdruck springt der Deckel<\/p>\n","protected":false},"featured_media":2091,"template":"","meta":[],"product_brand":[],"product_cat":[57],"product_tag":[],"class_list":{"0":"post-1739","1":"product","2":"type-product","3":"status-publish","4":"has-post-thumbnail","6":"product_cat-trinkflasche","8":"first","9":"instock","10":"shipping-taxable","11":"purchasable","12":"product-type-variable"},"jetpack_sharing_enabled":true,"_links":{"self":[{"href":"https:\/\/contigo-deutschland.de\/index.php\/wp-json\/wp\/v2\/product\/1739","targetHints":{"allow":["GET"]}}],"collection":[{"href":"https:\/\/contigo-deutschland.de\/index.php\/wp-json\/wp\/v2\/product"}],"about":[{"href":"https:\/\/contigo-deutschland.de\/index.php\/wp-json\/wp\/v2\/types\/product"}],"version-history":[{"count":2,"href":"https:\/\/contigo-deutschland.de\/index.php\/wp-json\/wp\/v2\/product\/1739\/revisions"}],"predecessor-version":[{"id":1986,"href":"https:\/\/contigo-deutschland.de\/index.php\/wp-json\/wp\/v2\/product\/1739\/revisions\/1986"}],"wp:featuredmedia":[{"embeddable":true,"href":"https:\/\/contigo-deutschland.de\/index.php\/wp-json\/wp\/v2\/media\/2091"}],"wp:attachment":[{"href":"https:\/\/contigo-deutschland.de\/index.php\/wp-json\/wp\/v2\/media?parent=1739"}],"wp:term":[{"taxonomy":"product_brand","embeddable":true,"href":"https:\/\/contigo-deutschland.de\/index.php\/wp-json\/wp\/v2\/product_brand?post=1739"},{"taxonomy":"product_cat","embeddable":true,"href":"https:\/\/contigo-deutschland.de\/index.php\/wp-json\/wp\/v2\/product_cat?post=1739"},{"taxonomy":"product_tag","embeddable":true,"href":"https:\/\/contigo-deutschland.de\/index.php\/wp-json\/wp\/v2\/product_tag?post=1739"}],"curies":[{"name":"wp","href":"https:\/\/api.w.org\/{rel}","templated":true}]}}