{"id":1734,"date":"2025-02-01T15:24:47","date_gmt":"2025-02-01T14:24:47","guid":{"rendered":"https:\/\/contigo-deutschland.de\/?post_type=product&#038;p=1734"},"modified":"2025-06-03T17:30:02","modified_gmt":"2025-06-03T15:30:02","slug":"cortland-autoseal","status":"publish","type":"product","link":"https:\/\/contigo-deutschland.de\/index.php\/product\/cortland-autoseal\/","title":{"rendered":"Cortland Autoseal"},"content":{"rendered":"<p>Cortland AUTOSEAL\u2122 Trinkflasche Tritan Renew, 720 ml<br \/>\nMit AUTOSEAL-Technologie f\u00fcr tropffreie und auslaufsichere Verwendung unterwegs<br \/>\nFlaschenk\u00f6rper aus Tritan Renew Material von Eastman mit 50 % Recyclinganteil im Durchschnitt* **<br \/>\nZum Trinken einfach den Knopf dr\u00fccken, beim Loslassen schlie\u00dft sich der Deckel automatisch<br \/>\nEinh\u00e4ndig bedienbar und damit optimal f\u00fcr unterwegs<br \/>\nSicheres Trinken \u2013 Schutzabdeckung f\u00fcr den Ausguss, um Schmutz und Dreck fernzuhalten<br \/>\nDeckel leicht zu reinigen \u2013 die Unterseite des Deckels l\u00e4sst sich vollst\u00e4ndig \u00f6ffnen, wodurch alle Stellen f\u00fcr eine gr\u00fcndliche Reinigung leicht erreichbar sind<br \/>\nDeckel und K\u00f6rper k\u00f6nnen im oberen Korb der Sp\u00fclmaschine gereinigt werden<br \/>\nTastensperre f\u00fcr zus\u00e4tzliche Sicherheit unterwegs<br \/>\nClip-on-Griff f\u00fcr bequemes Mitnehmen<br \/>\nPasst in die Becherhalter der meisten Autos und in die Flaschenhalter der meisten Fahrr\u00e4der<\/p>\n","protected":false},"excerpt":{"rendered":"<p>Cortland AUTOSEAL\u2122 Trinkflasche Tritan Renew, 720 ml Mit AUTOSEAL-Technologie f\u00fcr tropffreie und auslaufsichere Verwendung unterwegs Flaschenk\u00f6rper aus Tritan Renew Material<\/p>\n","protected":false},"featured_media":2090,"template":"","meta":[],"product_brand":[],"product_cat":[57],"product_tag":[],"class_list":{"0":"post-1734","1":"product","2":"type-product","3":"status-publish","4":"has-post-thumbnail","6":"product_cat-trinkflasche","8":"first","9":"instock","10":"shipping-taxable","11":"purchasable","12":"product-type-variable"},"jetpack_sharing_enabled":true,"_links":{"self":[{"href":"https:\/\/contigo-deutschland.de\/index.php\/wp-json\/wp\/v2\/product\/1734","targetHints":{"allow":["GET"]}}],"collection":[{"href":"https:\/\/contigo-deutschland.de\/index.php\/wp-json\/wp\/v2\/product"}],"about":[{"href":"https:\/\/contigo-deutschland.de\/index.php\/wp-json\/wp\/v2\/types\/product"}],"version-history":[{"count":1,"href":"https:\/\/contigo-deutschland.de\/index.php\/wp-json\/wp\/v2\/product\/1734\/revisions"}],"predecessor-version":[{"id":1747,"href":"https:\/\/contigo-deutschland.de\/index.php\/wp-json\/wp\/v2\/product\/1734\/revisions\/1747"}],"wp:featuredmedia":[{"embeddable":true,"href":"https:\/\/contigo-deutschland.de\/index.php\/wp-json\/wp\/v2\/media\/2090"}],"wp:attachment":[{"href":"https:\/\/contigo-deutschland.de\/index.php\/wp-json\/wp\/v2\/media?parent=1734"}],"wp:term":[{"taxonomy":"product_brand","embeddable":true,"href":"https:\/\/contigo-deutschland.de\/index.php\/wp-json\/wp\/v2\/product_brand?post=1734"},{"taxonomy":"product_cat","embeddable":true,"href":"https:\/\/contigo-deutschland.de\/index.php\/wp-json\/wp\/v2\/product_cat?post=1734"},{"taxonomy":"product_tag","embeddable":true,"href":"https:\/\/contigo-deutschland.de\/index.php\/wp-json\/wp\/v2\/product_tag?post=1734"}],"curies":[{"name":"wp","href":"https:\/\/api.w.org\/{rel}","templated":true}]}}