{"id":1730,"date":"2025-02-01T15:24:47","date_gmt":"2025-02-01T14:24:47","guid":{"rendered":"https:\/\/contigo-deutschland.de\/?post_type=product&#038;p=1730"},"modified":"2025-06-03T17:26:14","modified_gmt":"2025-06-03T15:26:14","slug":"ashland-autospout","status":"publish","type":"product","link":"https:\/\/contigo-deutschland.de\/index.php\/product\/ashland-autospout\/","title":{"rendered":"Ashland Autospout"},"content":{"rendered":"<p>Ashland AUTOSPOUT\u2122 Trinkflasche Tritan Renew, 720 ml<br \/>\nMit AUTOSPOUT-Technologie, die unterwegs f\u00fcr Auslaufsicherheit sorgt (bei geschlossenem Deckel)<br \/>\nFlaschenk\u00f6rper aus Tritan Renew Material von Eastman mit 50 % Recyclinganteil im Durchschnitt* **<br \/>\nEin einfacher Knopfdruck klappt die Trink\u00f6ffnung aus<br \/>\nEinh\u00e4ndig bedienbar und damit optimal f\u00fcr unterwegs<br \/>\nSicheres Trinken \u2013 Schutzabdeckung f\u00fcr den Ausguss, um Schmutz und Dreck fernzuhalten<br \/>\nDeckel m\u00fchelos zu reinigen: Der Strohhalm l\u00e4sst sich abnehmen, um beim Reinigen jede Stelle zu erreichen<br \/>\nDeckel und K\u00f6rper k\u00f6nnen im oberen Korb der Sp\u00fclmaschine gereinigt werden<br \/>\nTastensperre f\u00fcr zus\u00e4tzliche Sicherheit unterwegs<br \/>\nClip-on-Griff f\u00fcr bequemes Mitnehmen<br \/>\nPasst in die Becherhalter der meisten Autos und in die Flaschenhalter der meisten Fahrr\u00e4der<\/p>\n","protected":false},"excerpt":{"rendered":"<p>Ashland AUTOSPOUT\u2122 Trinkflasche Tritan Renew, 720 ml Mit AUTOSPOUT-Technologie, die unterwegs f\u00fcr Auslaufsicherheit sorgt (bei geschlossenem Deckel) Flaschenk\u00f6rper aus Tritan<\/p>\n","protected":false},"featured_media":2089,"template":"","meta":[],"product_brand":[],"product_cat":[57],"product_tag":[],"class_list":{"0":"post-1730","1":"product","2":"type-product","3":"status-publish","4":"has-post-thumbnail","6":"product_cat-trinkflasche","8":"first","9":"instock","10":"shipping-taxable","11":"purchasable","12":"product-type-variable"},"jetpack_sharing_enabled":true,"_links":{"self":[{"href":"https:\/\/contigo-deutschland.de\/index.php\/wp-json\/wp\/v2\/product\/1730","targetHints":{"allow":["GET"]}}],"collection":[{"href":"https:\/\/contigo-deutschland.de\/index.php\/wp-json\/wp\/v2\/product"}],"about":[{"href":"https:\/\/contigo-deutschland.de\/index.php\/wp-json\/wp\/v2\/types\/product"}],"version-history":[{"count":1,"href":"https:\/\/contigo-deutschland.de\/index.php\/wp-json\/wp\/v2\/product\/1730\/revisions"}],"predecessor-version":[{"id":1746,"href":"https:\/\/contigo-deutschland.de\/index.php\/wp-json\/wp\/v2\/product\/1730\/revisions\/1746"}],"wp:featuredmedia":[{"embeddable":true,"href":"https:\/\/contigo-deutschland.de\/index.php\/wp-json\/wp\/v2\/media\/2089"}],"wp:attachment":[{"href":"https:\/\/contigo-deutschland.de\/index.php\/wp-json\/wp\/v2\/media?parent=1730"}],"wp:term":[{"taxonomy":"product_brand","embeddable":true,"href":"https:\/\/contigo-deutschland.de\/index.php\/wp-json\/wp\/v2\/product_brand?post=1730"},{"taxonomy":"product_cat","embeddable":true,"href":"https:\/\/contigo-deutschland.de\/index.php\/wp-json\/wp\/v2\/product_cat?post=1730"},{"taxonomy":"product_tag","embeddable":true,"href":"https:\/\/contigo-deutschland.de\/index.php\/wp-json\/wp\/v2\/product_tag?post=1730"}],"curies":[{"name":"wp","href":"https:\/\/api.w.org\/{rel}","templated":true}]}}