{"id":1726,"date":"2025-02-01T15:24:46","date_gmt":"2025-02-01T14:24:46","guid":{"rendered":"https:\/\/contigo-deutschland.de\/?post_type=product&#038;p=1726"},"modified":"2025-05-27T18:07:51","modified_gmt":"2025-05-27T16:07:51","slug":"shaker-go-2-0","status":"publish","type":"product","link":"https:\/\/contigo-deutschland.de\/index.php\/product\/shaker-go-2-0\/","title":{"rendered":"Shaker &#038; Go 2.0"},"content":{"rendered":"<p>Shake &amp; Go 2.0 Shaker, 820 ml<br \/>\nVerbesserte Shakerkugel und abgerundeter Boden reduzieren Klumpen und Ablagerungen.<br \/>\nAuslaufsicher bei geschlossenem Deckel<br \/>\nSicheres Trinken \u2013 Schutzabdeckung f\u00fcr den Ausguss, um Schmutz und Dreck fernzuhalten<br \/>\nDer 180-Grad-Deckel l\u00e4sst sich wegklappen und erm\u00f6glicht so eine einfache Nutzung beim Multitasking<br \/>\nStressfreier Transport mit dem Karabinergriff, der sich um 180 Grad drehen und leicht an einer Sporttasche befestigen l\u00e4sst<br \/>\nDeckel und K\u00f6rper k\u00f6nnen im oberen Korb der Sp\u00fclmaschine gereinigt werden<br \/>\nPasst in die Becherhalter der meisten Autos<br \/>\nBPA-frei &#8211; den geltenden Gesetzen entsprechend<\/p>\n","protected":false},"excerpt":{"rendered":"<p>Shake &amp; Go 2.0 Shaker, 820 ml Verbesserte Shakerkugel und abgerundeter Boden reduzieren Klumpen und Ablagerungen. Auslaufsicher bei geschlossenem Deckel<\/p>\n","protected":false},"featured_media":1842,"template":"","meta":[],"product_brand":[],"product_cat":[56],"product_tag":[],"class_list":{"0":"post-1726","1":"product","2":"type-product","3":"status-publish","4":"has-post-thumbnail","6":"product_cat-wasserflaschen","8":"first","9":"instock","10":"shipping-taxable","11":"purchasable","12":"product-type-variable"},"jetpack_sharing_enabled":true,"_links":{"self":[{"href":"https:\/\/contigo-deutschland.de\/index.php\/wp-json\/wp\/v2\/product\/1726","targetHints":{"allow":["GET"]}}],"collection":[{"href":"https:\/\/contigo-deutschland.de\/index.php\/wp-json\/wp\/v2\/product"}],"about":[{"href":"https:\/\/contigo-deutschland.de\/index.php\/wp-json\/wp\/v2\/types\/product"}],"version-history":[{"count":4,"href":"https:\/\/contigo-deutschland.de\/index.php\/wp-json\/wp\/v2\/product\/1726\/revisions"}],"predecessor-version":[{"id":2088,"href":"https:\/\/contigo-deutschland.de\/index.php\/wp-json\/wp\/v2\/product\/1726\/revisions\/2088"}],"wp:featuredmedia":[{"embeddable":true,"href":"https:\/\/contigo-deutschland.de\/index.php\/wp-json\/wp\/v2\/media\/1842"}],"wp:attachment":[{"href":"https:\/\/contigo-deutschland.de\/index.php\/wp-json\/wp\/v2\/media?parent=1726"}],"wp:term":[{"taxonomy":"product_brand","embeddable":true,"href":"https:\/\/contigo-deutschland.de\/index.php\/wp-json\/wp\/v2\/product_brand?post=1726"},{"taxonomy":"product_cat","embeddable":true,"href":"https:\/\/contigo-deutschland.de\/index.php\/wp-json\/wp\/v2\/product_cat?post=1726"},{"taxonomy":"product_tag","embeddable":true,"href":"https:\/\/contigo-deutschland.de\/index.php\/wp-json\/wp\/v2\/product_tag?post=1726"}],"curies":[{"name":"wp","href":"https:\/\/api.w.org\/{rel}","templated":true}]}}