{"id":1723,"date":"2025-02-01T15:24:46","date_gmt":"2025-02-01T14:24:46","guid":{"rendered":"https:\/\/contigo-deutschland.de\/?post_type=product&#038;p=1723"},"modified":"2025-02-05T13:19:23","modified_gmt":"2025-02-05T12:19:23","slug":"freeflow-700-ml","status":"publish","type":"product","link":"https:\/\/contigo-deutschland.de\/index.php\/product\/freeflow-700-ml\/","title":{"rendered":"Freeflow"},"content":{"rendered":"<p>Free Flow AUTOSEAL vakuum-isolierte Thermo-Trinkflasche, 700 ml<br \/>\nMit AUTOSEAL-Technologie f\u00fcr tropffreie und auslaufsichere Verwendung unterwegs<br \/>\nZum Trinken einfach den Knopf dr\u00fccken, beim Loslassen schlie\u00dft sich der Deckel automatisch. Einh\u00e4ndig bedienbar und damit optimal f\u00fcr unterwegs<br \/>\nDie doppelwandige THERMALOCK-Vakuumisolierung h\u00e4lt Getr\u00e4nke bis zu 10 Stunden hei\u00df und bis zu 29 Stunden kalt<br \/>\nEinteiliger Deckel leicht zu reinigen \u2013 die Unterseite des Deckels l\u00e4sst sich vollst\u00e4ndig \u00f6ffnen, was alle Stellen f\u00fcr eine gr\u00fcndliche Reinigung leicht erreichbar macht; keine losen Teile, die verlegt werden k\u00f6nnen<br \/>\nSicheres Trinken \u2013 Schutzabdeckung f\u00fcr den Ausguss, um Schmutz und Dreck fernzuhalten<br \/>\nQuerverriegelung f\u00fcr sicheren Transport<br \/>\nVerschraubter Tragegriff f\u00fcr bequemes Mitnehmen<br \/>\nRobuste Pulverbeschichtung f\u00fcr sicheren Halt auch mit nassen oder verschwitzten H\u00e4nden. Trinkknopf mit strukturierter Oberfl\u00e4che erm\u00f6glicht m\u00fchelose Handhabung<br \/>\nDie weiche Unterseite sorgt f\u00fcr rutschfreies Abstellen ohne Klirren<br \/>\nDeckel und K\u00f6rper k\u00f6nnen im oberen Korb der Sp\u00fclmaschine gereinigt werden<\/p>\n","protected":false},"excerpt":{"rendered":"<p>Free Flow AUTOSEAL vakuum-isolierte Thermo-Trinkflasche, 700 ml Mit AUTOSEAL-Technologie f\u00fcr tropffreie und auslaufsichere Verwendung unterwegs Zum Trinken einfach den Knopf<\/p>\n","protected":false},"featured_media":1823,"template":"","meta":[],"product_brand":[],"product_cat":[55],"product_tag":[],"class_list":{"0":"post-1723","1":"product","2":"type-product","3":"status-publish","4":"has-post-thumbnail","6":"product_cat-trinkflasche-outdoor","8":"first","9":"instock","10":"shipping-taxable","11":"purchasable","12":"product-type-variable"},"jetpack_sharing_enabled":true,"_links":{"self":[{"href":"https:\/\/contigo-deutschland.de\/index.php\/wp-json\/wp\/v2\/product\/1723","targetHints":{"allow":["GET"]}}],"collection":[{"href":"https:\/\/contigo-deutschland.de\/index.php\/wp-json\/wp\/v2\/product"}],"about":[{"href":"https:\/\/contigo-deutschland.de\/index.php\/wp-json\/wp\/v2\/types\/product"}],"version-history":[{"count":2,"href":"https:\/\/contigo-deutschland.de\/index.php\/wp-json\/wp\/v2\/product\/1723\/revisions"}],"predecessor-version":[{"id":1886,"href":"https:\/\/contigo-deutschland.de\/index.php\/wp-json\/wp\/v2\/product\/1723\/revisions\/1886"}],"wp:featuredmedia":[{"embeddable":true,"href":"https:\/\/contigo-deutschland.de\/index.php\/wp-json\/wp\/v2\/media\/1823"}],"wp:attachment":[{"href":"https:\/\/contigo-deutschland.de\/index.php\/wp-json\/wp\/v2\/media?parent=1723"}],"wp:term":[{"taxonomy":"product_brand","embeddable":true,"href":"https:\/\/contigo-deutschland.de\/index.php\/wp-json\/wp\/v2\/product_brand?post=1723"},{"taxonomy":"product_cat","embeddable":true,"href":"https:\/\/contigo-deutschland.de\/index.php\/wp-json\/wp\/v2\/product_cat?post=1723"},{"taxonomy":"product_tag","embeddable":true,"href":"https:\/\/contigo-deutschland.de\/index.php\/wp-json\/wp\/v2\/product_tag?post=1723"}],"curies":[{"name":"wp","href":"https:\/\/api.w.org\/{rel}","templated":true}]}}