{"id":1715,"date":"2025-02-01T15:24:45","date_gmt":"2025-02-01T14:24:45","guid":{"rendered":"https:\/\/contigo-deutschland.de\/?post_type=product&#038;p=1715"},"modified":"2025-05-27T18:05:27","modified_gmt":"2025-05-27T16:05:27","slug":"streeterville-desk-mug","status":"publish","type":"product","link":"https:\/\/contigo-deutschland.de\/index.php\/product\/streeterville-desk-mug\/","title":{"rendered":"Streeterville Desk Mug"},"content":{"rendered":"<p>StreetervilleTHERMALOCK Desk Mug, 420 ml<br \/>\nDie doppelwandige THERMALOCK-Vakuumisolierung h\u00e4lt Getr\u00e4nke bis zu 5 Stunden hei\u00df und bis zu 15 Stunden kalt<br \/>\nDer spritzfreie Deckel verhindert mit seinem sicheren Schiebemechanismus das Auslaufen (in geschlossener Position)<br \/>\nSilikonbasis f\u00fcr optimalen Oberfl\u00e4chengriff und zum Schutz vor Kratzern<br \/>\nGriff aus glattem Edelstahl f\u00fcr m\u00fcheloses Trinken<br \/>\nPasst unter die meisten Kaffeemaschinen<br \/>\nDeckel und K\u00f6rper k\u00f6nnen im oberen Korb der Sp\u00fclmaschine gereinigt werden<br \/>\nEinteiliger Deckel \u2013 keine losen Teile, die verlegt werden k\u00f6nnen<br \/>\nBPA-frei &#8211; den geltenden Gesetzen entsprechend<\/p>\n","protected":false},"excerpt":{"rendered":"<p>StreetervilleTHERMALOCK Desk Mug, 420 ml Die doppelwandige THERMALOCK-Vakuumisolierung h\u00e4lt Getr\u00e4nke bis zu 5 Stunden hei\u00df und bis zu 15 Stunden<\/p>\n","protected":false},"featured_media":2086,"template":"","meta":[],"product_brand":[],"product_cat":[54],"product_tag":[],"class_list":{"0":"post-1715","1":"product","2":"type-product","3":"status-publish","4":"has-post-thumbnail","6":"product_cat-thermobecher","8":"first","9":"instock","10":"shipping-taxable","11":"purchasable","12":"product-type-variable"},"jetpack_sharing_enabled":true,"_links":{"self":[{"href":"https:\/\/contigo-deutschland.de\/index.php\/wp-json\/wp\/v2\/product\/1715","targetHints":{"allow":["GET"]}}],"collection":[{"href":"https:\/\/contigo-deutschland.de\/index.php\/wp-json\/wp\/v2\/product"}],"about":[{"href":"https:\/\/contigo-deutschland.de\/index.php\/wp-json\/wp\/v2\/types\/product"}],"version-history":[{"count":1,"href":"https:\/\/contigo-deutschland.de\/index.php\/wp-json\/wp\/v2\/product\/1715\/revisions"}],"predecessor-version":[{"id":1742,"href":"https:\/\/contigo-deutschland.de\/index.php\/wp-json\/wp\/v2\/product\/1715\/revisions\/1742"}],"wp:featuredmedia":[{"embeddable":true,"href":"https:\/\/contigo-deutschland.de\/index.php\/wp-json\/wp\/v2\/media\/2086"}],"wp:attachment":[{"href":"https:\/\/contigo-deutschland.de\/index.php\/wp-json\/wp\/v2\/media?parent=1715"}],"wp:term":[{"taxonomy":"product_brand","embeddable":true,"href":"https:\/\/contigo-deutschland.de\/index.php\/wp-json\/wp\/v2\/product_brand?post=1715"},{"taxonomy":"product_cat","embeddable":true,"href":"https:\/\/contigo-deutschland.de\/index.php\/wp-json\/wp\/v2\/product_cat?post=1715"},{"taxonomy":"product_tag","embeddable":true,"href":"https:\/\/contigo-deutschland.de\/index.php\/wp-json\/wp\/v2\/product_tag?post=1715"}],"curies":[{"name":"wp","href":"https:\/\/api.w.org\/{rel}","templated":true}]}}