{"id":1701,"date":"2025-02-01T15:24:37","date_gmt":"2025-02-01T14:24:37","guid":{"rendered":"https:\/\/contigo-deutschland.de\/?post_type=product&#038;p=1701"},"modified":"2025-05-27T18:04:16","modified_gmt":"2025-05-27T16:04:16","slug":"byron","status":"publish","type":"product","link":"https:\/\/contigo-deutschland.de\/index.php\/product\/byron\/","title":{"rendered":"Byron 2.0"},"content":{"rendered":"<p>Byron Snapseal Thermobecher mit Contigo-Logo, 470 ml<br \/>\nMit SNAPSEAL-Technologie, die unterwegs f\u00fcr Auslaufsicherheit sorgt (bei geschlossenem Deckel)<br \/>\nZum Trinken einfach den Hebel nach oben dr\u00fccken, ein anschlie\u00dfender Druck nach unten schlie\u00dft den Deckel wieder<br \/>\nEinh\u00e4ndig bedienbar und damit optimal f\u00fcr unterwegs<br \/>\nDie doppelwandige THERMALOCK-Vakuumisolierung h\u00e4lt Getr\u00e4nke bis zu 6 Stunden hei\u00df und bis zu 12 Stunden kalt<br \/>\nEinteiliger Deckel \u2013 keine losen Teile, die verlegt werden k\u00f6nnen<br \/>\nSoftgriff f\u00fcr sicheren Halt<br \/>\nPasst in die Becherhalter der meisten Autos<br \/>\nIn verschiedenen Farben und 2 weiteren Gr\u00f6\u00dfen erh\u00e4ltlich: 590 ml &amp; 720 ml<br \/>\nDeckel kann im oberen Korb der Sp\u00fclmaschine gereinigt werden, K\u00f6rper nur von Hand sp\u00fclen<br \/>\nBPA-frei &#8211; den geltenden Gesetzen entsprechend<\/p>\n","protected":false},"excerpt":{"rendered":"<p>Byron Snapseal Thermobecher mit Contigo-Logo, 470 ml Mit SNAPSEAL-Technologie, die unterwegs f\u00fcr Auslaufsicherheit sorgt (bei geschlossenem Deckel) Zum Trinken einfach<\/p>\n","protected":false},"featured_media":2085,"template":"","meta":[],"product_brand":[],"product_cat":[54],"product_tag":[],"class_list":{"0":"post-1701","1":"product","2":"type-product","3":"status-publish","4":"has-post-thumbnail","6":"product_cat-thermobecher","8":"first","9":"instock","10":"shipping-taxable","11":"purchasable","12":"product-type-variable"},"jetpack_sharing_enabled":true,"_links":{"self":[{"href":"https:\/\/contigo-deutschland.de\/index.php\/wp-json\/wp\/v2\/product\/1701","targetHints":{"allow":["GET"]}}],"collection":[{"href":"https:\/\/contigo-deutschland.de\/index.php\/wp-json\/wp\/v2\/product"}],"about":[{"href":"https:\/\/contigo-deutschland.de\/index.php\/wp-json\/wp\/v2\/types\/product"}],"version-history":[{"count":2,"href":"https:\/\/contigo-deutschland.de\/index.php\/wp-json\/wp\/v2\/product\/1701\/revisions"}],"predecessor-version":[{"id":1906,"href":"https:\/\/contigo-deutschland.de\/index.php\/wp-json\/wp\/v2\/product\/1701\/revisions\/1906"}],"wp:featuredmedia":[{"embeddable":true,"href":"https:\/\/contigo-deutschland.de\/index.php\/wp-json\/wp\/v2\/media\/2085"}],"wp:attachment":[{"href":"https:\/\/contigo-deutschland.de\/index.php\/wp-json\/wp\/v2\/media?parent=1701"}],"wp:term":[{"taxonomy":"product_brand","embeddable":true,"href":"https:\/\/contigo-deutschland.de\/index.php\/wp-json\/wp\/v2\/product_brand?post=1701"},{"taxonomy":"product_cat","embeddable":true,"href":"https:\/\/contigo-deutschland.de\/index.php\/wp-json\/wp\/v2\/product_cat?post=1701"},{"taxonomy":"product_tag","embeddable":true,"href":"https:\/\/contigo-deutschland.de\/index.php\/wp-json\/wp\/v2\/product_tag?post=1701"}],"curies":[{"name":"wp","href":"https:\/\/api.w.org\/{rel}","templated":true}]}}