{"id":1555,"date":"2025-01-21T15:05:48","date_gmt":"2025-01-21T14:05:48","guid":{"rendered":"https:\/\/contigo-deutschland.de\/?post_type=product&#038;p=1555"},"modified":"2025-06-03T17:46:36","modified_gmt":"2025-06-03T15:46:36","slug":"luxe","status":"publish","type":"product","link":"https:\/\/contigo-deutschland.de\/index.php\/product\/luxe\/","title":{"rendered":"Luxe"},"content":{"rendered":"<p>Luxe Autoseal Edelstahl Thermobecher, 360 ml<br \/>\nMit AUTOSEAL-Technologie f\u00fcr tropffreie und auslaufsichere Verwendung unterwegs<br \/>\nZum Trinken einfach den Knopf dr\u00fccken, beim Loslassen schlie\u00dft sich der Deckel automatisch<br \/>\nEinh\u00e4ndig bedienbar und damit optimal f\u00fcr unterwegs<br \/>\nDie doppelwandige THERMALOCK-Vakuumisolierung h\u00e4lt Getr\u00e4nke bis zu 3 Stunden hei\u00df und bis zu 10 Stunden kalt<br \/>\nDeckel leicht zu reinigen \u2013 die Unterseite des Deckels l\u00e4sst sich vollst\u00e4ndig \u00f6ffnen, wodurch alle Stellen f\u00fcr eine gr\u00fcndliche Reinigung leicht erreichbar sind<br \/>\nEinteiliger Deckel \u2013 keine losen Teile, die verlegt werden k\u00f6nnen<br \/>\nTastensperre f\u00fcr zus\u00e4tzliche Sicherheit unterwegs<br \/>\nDeckel und K\u00f6rper k\u00f6nnen im oberen Korb der Sp\u00fclmaschine gereinigt werden<br \/>\nPasst in die Becherhalter der meisten Autos<br \/>\nBPA-frei &#8211; den geltenden Gesetzen entsprechend<\/p>\n","protected":false},"excerpt":{"rendered":"<p>Luxe Autoseal Edelstahl Thermobecher, 360 ml Mit AUTOSEAL-Technologie f\u00fcr tropffreie und auslaufsichere Verwendung unterwegs Zum Trinken einfach den Knopf dr\u00fccken,<\/p>\n","protected":false},"featured_media":2096,"template":"","meta":[],"product_brand":[],"product_cat":[54],"product_tag":[],"class_list":{"0":"post-1555","1":"product","2":"type-product","3":"status-publish","4":"has-post-thumbnail","6":"product_cat-thermobecher","8":"first","9":"instock","10":"shipping-taxable","11":"purchasable","12":"product-type-variable"},"jetpack_sharing_enabled":true,"_links":{"self":[{"href":"https:\/\/contigo-deutschland.de\/index.php\/wp-json\/wp\/v2\/product\/1555","targetHints":{"allow":["GET"]}}],"collection":[{"href":"https:\/\/contigo-deutschland.de\/index.php\/wp-json\/wp\/v2\/product"}],"about":[{"href":"https:\/\/contigo-deutschland.de\/index.php\/wp-json\/wp\/v2\/types\/product"}],"version-history":[{"count":1,"href":"https:\/\/contigo-deutschland.de\/index.php\/wp-json\/wp\/v2\/product\/1555\/revisions"}],"predecessor-version":[{"id":1560,"href":"https:\/\/contigo-deutschland.de\/index.php\/wp-json\/wp\/v2\/product\/1555\/revisions\/1560"}],"wp:featuredmedia":[{"embeddable":true,"href":"https:\/\/contigo-deutschland.de\/index.php\/wp-json\/wp\/v2\/media\/2096"}],"wp:attachment":[{"href":"https:\/\/contigo-deutschland.de\/index.php\/wp-json\/wp\/v2\/media?parent=1555"}],"wp:term":[{"taxonomy":"product_brand","embeddable":true,"href":"https:\/\/contigo-deutschland.de\/index.php\/wp-json\/wp\/v2\/product_brand?post=1555"},{"taxonomy":"product_cat","embeddable":true,"href":"https:\/\/contigo-deutschland.de\/index.php\/wp-json\/wp\/v2\/product_cat?post=1555"},{"taxonomy":"product_tag","embeddable":true,"href":"https:\/\/contigo-deutschland.de\/index.php\/wp-json\/wp\/v2\/product_tag?post=1555"}],"curies":[{"name":"wp","href":"https:\/\/api.w.org\/{rel}","templated":true}]}}