{"id":1974,"date":"2025-02-06T15:45:19","date_gmt":"2025-02-06T14:45:19","guid":{"rendered":"https:\/\/contigo-deutschland.de\/?page_id=1974"},"modified":"2025-05-12T16:16:07","modified_gmt":"2025-05-12T14:16:07","slug":"agb","status":"publish","type":"page","link":"https:\/\/contigo-deutschland.de\/index.php\/agb\/","title":{"rendered":"AGB"},"content":{"rendered":"\t\t<div data-elementor-type=\"wp-page\" data-elementor-id=\"1974\" class=\"elementor elementor-1974\">\n\t\t\t\t<div class=\"wd-negative-gap elementor-element elementor-element-70c6e64d e-flex e-con-boxed e-con e-parent\" data-id=\"70c6e64d\" data-element_type=\"container\" data-e-type=\"container\">\n\t\t\t\t\t<div class=\"e-con-inner\">\n\t\t\t\t<div class=\"elementor-element elementor-element-2e14815a color-scheme-inherit text-left elementor-widget elementor-widget-text-editor\" data-id=\"2e14815a\" data-element_type=\"widget\" data-e-type=\"widget\" data-widget_type=\"text-editor.default\">\n\t\t\t\t<div class=\"elementor-widget-container\">\n\t\t\t\t\t\t\t\t\t<p><span style=\"color: #000000;\"><\/span><\/p>\n<h1 class=\"wp-block-heading\" style=\"text-align: left;\"><span style=\"color: #000000;\">Verkaufs-, Lieferungs- und Zahlungsbedingungen der Firma Hauff Schreibger\u00e4te GmbH<\/span><\/h1>\n<p style=\"text-align: left;\"><span style=\"color: #000000;\"><\/span><\/p>\n<h2 class=\"wp-block-heading\" style=\"text-align: left;\"><span style=\"color: #000000;\">\u00a7 1 Geltungsbereich<\/span><\/h2>\n<p style=\"text-align: left;\"><span style=\"color: #000000;\"><\/span><\/p>\n<p style=\"text-align: left;\"><span style=\"color: #000000;\">Diese allgemeinen Gesch\u00e4ftsbedingungen gelten f\u00fcr alle Vertr\u00e4ge zwischen der<\/span><br \/><span style=\"color: #000000;\">Firma Hauff Schreibger\u00e4te GmbH und ihren Kunden (Besteller oder K\u00e4ufer) in der<\/span><br \/><span style=\"color: #000000;\">jeweils g\u00fcltigen Fassung. Von diesen Gesch\u00e4ftsbedingungen abweichende<\/span><br \/><span style=\"color: #000000;\">Regelungen, auch solche des Kunden, bed\u00fcrfen der schriftlichen und<\/span><br \/><span style=\"color: #000000;\">ausdr\u00fccklichen Best\u00e4tigungen durch die Hauff Schreibger\u00e4te GmbH.<\/span><\/p>\n<p style=\"text-align: left;\"><span style=\"color: #000000;\"><\/span><\/p>\n<h2 class=\"wp-block-heading\" style=\"text-align: left;\"><span style=\"color: #000000;\">\u00a7 2 Vertragsschluss<\/span><\/h2>\n<p style=\"text-align: left;\"><span style=\"color: #000000;\"><\/span><\/p>\n<figure class=\"wp-block-table\">\n<table class=\"has-fixed-layout\">\n<tbody>\n<tr>\n<td><span style=\"color: #000000;\">a)<\/span><\/td>\n<td><span style=\"color: #000000;\">Die Angebote der Hauff Schreibger\u00e4te GmbH sind unverbindlich und<\/span><br \/><span style=\"color: #000000;\">freibleibend. Die Angebote gelten erst als angenommen, wenn sie von der<\/span><br \/><span style=\"color: #000000;\">Hauff Schreibger\u00e4te GmbH schriftlich best\u00e4tigt sind. Abschl\u00fcsse sind<\/span><br \/><span style=\"color: #000000;\">rechtzeitig und in vereinbarten Teilmengen abzurufen.<\/span><br \/><span style=\"color: #000000;\">Die Bestellung des Bestellers oder K\u00e4ufers erfolgt durch \u00dcbermittlung<\/span><br \/><span style=\"color: #000000;\">der vollst\u00e4ndigen Bestelldaten per Post, Telefon, Telefax oder Email.Der Besteller oder K\u00e4ufer ist an sein durch die \u00dcbermittlung<\/span><br \/><span style=\"color: #000000;\">abgegebenes Angebot gebunden.<\/span><\/td>\n<\/tr>\n<tr>\n<td><span style=\"color: #000000;\">b)<\/span><\/td>\n<td><span style=\"color: #000000;\">Technische \u00c4nderungen und \u00c4nderungen der Form, Farbe, der Ma\u00df- und<\/span><br \/><span style=\"color: #000000;\">Gewichtseinheit bleiben im Rahmen des Zumutbaren vorbehalten.<\/span><\/td>\n<\/tr>\n<tr>\n<td><span style=\"color: #000000;\">c)<\/span><\/td>\n<td><span style=\"color: #000000;\">M\u00fcndliche Ausk\u00fcnfte und Zusicherungen bed\u00fcrfen zu ihrer Wirksamkeit<\/span><br \/><span style=\"color: #000000;\">einer schriftlichen Best\u00e4tigung.<\/span><\/td>\n<\/tr>\n<\/tbody>\n<\/table>\n<\/figure>\n<p style=\"text-align: left;\"><span style=\"color: #000000;\"><\/span><\/p>\n<h2 class=\"wp-block-heading\" style=\"text-align: left;\"><span style=\"color: #000000;\">\u00a7 3 Lieferung<\/span><\/h2>\n<p style=\"text-align: left;\"><span style=\"color: #000000;\"><\/span><\/p>\n<figure class=\"wp-block-table\">\n<table class=\"has-fixed-layout\">\n<tbody>\n<tr>\n<td><span style=\"color: #000000;\">a)<\/span><\/td>\n<td><span style=\"color: #000000;\">Die Lieferung erfolgt ab Fabrik oder einem Auslieferungslager als<\/span><br \/><span style=\"color: #000000;\">Leistungsort auf Rechnung und Gefahr des Bestellers; mit \u00dcbergabe an die<\/span><br \/><span style=\"color: #000000;\">Transportperson geht die Gefahr auf den Besteller oder K\u00e4ufer \u00fcber. Die im<\/span><br \/><span style=\"color: #000000;\">Zusammenhang mit der Lieferung\/Einfuhr anfallenden Z\u00f6lle\/Einfuhrumsatzsteuer<\/span><br \/><span style=\"color: #000000;\">tr\u00e4gt der Besteller oder K\u00e4ufer.<\/span><\/td>\n<\/tr>\n<tr>\n<td><span style=\"color: #000000;\">b)<\/span><\/td>\n<td><span style=\"color: #000000;\">Mehr- oder Minderlieferungen bis zu 10 % der bestellten Mengen<\/span><br \/><span style=\"color: #000000;\">bleiben unter Verrechnung der tats\u00e4chlichen Liefermenge vorbehalten.<\/span><\/td>\n<\/tr>\n<tr>\n<td><span style=\"color: #000000;\">c)<\/span><\/td>\n<td><span style=\"color: #000000;\">Die bestellten Waren werden mit einem Paketdienst nach Wahl der Hauff<\/span><br \/><span style=\"color: #000000;\">Schreibger\u00e4te GmbH auf Kosten des Bestellers oder K\u00e4ufers<\/span><br \/><span style=\"color: #000000;\">zugesandt. Teillieferungen sind zul\u00e4ssig.<\/span><\/td>\n<\/tr>\n<tr>\n<td><span style=\"color: #000000;\">d)<\/span><\/td>\n<td><span style=\"color: #000000;\">Lieferfristen, auch best\u00e4tigte, gelten nur ann\u00e4hernd. Die<\/span><br \/><span style=\"color: #000000;\">Nichteinhaltung derselben berechtigt nicht zur Geltendmachung von<\/span><br \/><span style=\"color: #000000;\">Schadensersatzanspr\u00fcchen oder Auftragsstreichungen auch bei mangelndem<\/span><br \/><span style=\"color: #000000;\">Interesse an der Lieferung. Betriebsst\u00f6rungen, sowohl im eigenen wie im<\/span><br \/><span style=\"color: #000000;\">fremden Betrieb, wie h\u00f6here Gewalt, Brand, Verkehrshindernisse usw., sowie<\/span><br \/><span style=\"color: #000000;\">Mangel an Roh- und Hilfsstoffen zur Zeit der Herstellung, entbinden von der<\/span><br \/><span style=\"color: #000000;\">Innehaltung der Lieferfrist. Auch ist die Hauff Schreibger\u00e4te GmbH berechtigt,<\/span><br \/><span style=\"color: #000000;\">vom Vertrag ohne irgendeine Ersatzpflicht zur\u00fcckzutreten. Bei Lieferverzug der<\/span><br \/><span style=\"color: #000000;\">Hauff Schreibger\u00e4te GmbH ist der K\u00e4ufer oder Besteller erst nach Setzung einer<\/span><br \/><span style=\"color: #000000;\">angemessenen Nachfrist zur Aus\u00fcbung der ihm zustehenden Rechte befugt. Im Fall<\/span><br \/><span style=\"color: #000000;\">des erfolglosen Ablaufs der Nachfrist ist die Hauff Schreibger\u00e4te GmbH<\/span><br \/><span style=\"color: #000000;\">ebenfalls berechtigt, hinsichtlich der nicht gelieferten Mengen vom Vertrag<\/span><br \/><span style=\"color: #000000;\">zur\u00fcckzutreten.<\/span><\/td>\n<\/tr>\n<\/tbody>\n<\/table>\n<\/figure>\n<p style=\"text-align: left;\"><span style=\"color: #000000;\"><\/span><\/p>\n<h2 class=\"wp-block-heading\" style=\"text-align: left;\"><span style=\"color: #000000;\">\u00a7 4 Eigentumsvorbehalt<\/span><\/h2>\n<p style=\"text-align: left;\"><span style=\"color: #000000;\"><\/span><\/p>\n<p style=\"text-align: left;\"><span style=\"color: #000000;\">Bis zur vollst\u00e4ndigen Bezahlung bleibt die Ware Eigentum der Hauff<\/span><br \/><span style=\"color: #000000;\">Schreibger\u00e4te GmbH. Sollte die Warenlieferung aus mehreren Sendungen<\/span><br \/><span style=\"color: #000000;\">bestehen, gilt eine Teilzahlung nicht als Eigentumswechsel gelieferter<\/span><br \/><span style=\"color: #000000;\">Artikel. Im Falle des Weiterverkaufs oder der Weiterverarbeitung der<\/span><br \/><span style=\"color: #000000;\">gelieferten Ware gelten bis zur vollst\u00e4ndigen Bezahlung die aus dem<\/span><br \/><span style=\"color: #000000;\">Weiterverkauf oder der Weiterverarbeitung der gelieferten Ware mit etwaigem<\/span><br \/><span style=\"color: #000000;\">Weiterverkauf entstandenen Forderungen als an die Hauff Schreibger\u00e4te GmbH<\/span><br \/><span style=\"color: #000000;\">abgetreten. Der Besteller oder K\u00e4ufer hat die Hauff Schreibger\u00e4te GmbH<\/span><br \/><span style=\"color: #000000;\">umgehend von jeglichen Pf\u00e4ndungsma\u00dfnahmen Dritter zu benachrichtigen; der<\/span><br \/><span style=\"color: #000000;\">Pf\u00e4ndungsgl\u00e4ubiger ist von dem Eigentumsrecht der Hauff Schreibger\u00e4te GmbH<\/span><br \/><span style=\"color: #000000;\">umgehend zu unterrichten.<\/span><\/p>\n<p style=\"text-align: left;\"><span style=\"color: #000000;\"><\/span><\/p>\n<h2 class=\"wp-block-heading\" style=\"text-align: left;\"><span style=\"color: #000000;\">\u00a7 5 Aufrechnung<\/span><\/h2>\n<p style=\"text-align: left;\"><span style=\"color: #000000;\"><\/span><\/p>\n<p style=\"text-align: left;\"><span style=\"color: #000000;\">Der Kunde kann nur mit Forderungen aufrechnen, die rechtskr\u00e4ftig festgestellt<\/span><br \/><span style=\"color: #000000;\">oder von der Hauff Schreibger\u00e4te GmbH anerkannt sind. Ein<\/span><br \/><span style=\"color: #000000;\">Zur\u00fcckbehaltungsrecht steht dem Kunden nur wegen Anspr\u00fcchen aus demselben<\/span><br \/><span style=\"color: #000000;\">Vertragsverh\u00e4ltnis zu.<\/span><\/p>\n<p style=\"text-align: left;\"><span style=\"color: #000000;\"><\/span><\/p>\n<h2 class=\"wp-block-heading\" style=\"text-align: left;\"><span style=\"color: #000000;\">\u00a7 6 Zahlung<\/span><\/h2>\n<p style=\"text-align: left;\"><span style=\"color: #000000;\"><\/span><\/p>\n<p style=\"text-align: left;\"><span style=\"color: #000000;\">Es gelten die Preise zum Zeitpunkt der Bestellung. Bei Kurs\u00e4nderungen ist die<\/span><br \/><span style=\"color: #000000;\">Hauff Schreibger\u00e4te GmbH zu Preis\u00e4nderungen berechtigt. Alle Preise f\u00fcr Waren<\/span><br \/><span style=\"color: #000000;\">oder Dienstleistungen verstehen sich ohne die jeweils zum Zeitpunkt der<\/span><br \/><span style=\"color: #000000;\">Bestellung in Deutschland g\u00fcltige Umsatzsteuer; diese wird in der in<\/span><br \/><span style=\"color: #000000;\">Deutschland jeweils gesetzlichen H\u00f6he zus\u00e4tzlich in Rechnung gestellt.<\/span><\/p>\n<p style=\"text-align: left;\"><span style=\"color: #000000;\"><\/span><\/p>\n<p style=\"text-align: left;\"><span style=\"color: #000000;\">S\u00e4mtliche Preise gelten ab Konstanz oder dem Auslieferungslager der Hauff<\/span><br \/><span style=\"color: #000000;\">Schreibger\u00e4te GmbH. Verpackung, Versandkosten und andere Spesen werden<\/span><br \/><span style=\"color: #000000;\">gesondert berechnet. Bei frachtfreier R\u00fccksendung leihweise \u00fcberlassener und<\/span><br \/><span style=\"color: #000000;\">gut erhaltener Verpackung (die Versendungsgefahr tr\u00e4gt der Kunde) schreibt die<\/span><br \/><span style=\"color: #000000;\">Hauff Schreibger\u00e4te GmbH innerhalb einer angemessenen Frist 2\/3 des f\u00fcr die<\/span><br \/><span style=\"color: #000000;\">Verpackung berechneten Betrages wieder gut.<\/span><\/p>\n<p style=\"text-align: left;\"><span style=\"color: #000000;\"><\/span><\/p>\n<p style=\"text-align: left;\"><span style=\"color: #000000;\">Der Kunde erh\u00e4lt mit gleicher Post die Rechnung f\u00fcr die gelieferte Ware. Die<\/span><br \/><span style=\"color: #000000;\">Zahlung wird 30 Tage nach Rechnungsdatum rein netto oder 10 Tage mit 2 %<\/span><br \/><span style=\"color: #000000;\">Skontoabzug f\u00e4llig.<\/span><\/p>\n<p style=\"text-align: left;\"><span style=\"color: #000000;\"><\/span><\/p>\n<p style=\"text-align: left;\"><span style=\"color: #000000;\">Zahlungsarten:<\/span><br \/><span style=\"color: #000000;\">1. Nach Rechnung<\/span><br \/><span style=\"color: #000000;\">2. Per Nachnahme<\/span><br \/><span style=\"color: #000000;\">3. Vorauskasse<\/span><\/p>\n<p style=\"text-align: left;\"><span style=\"color: #000000;\"><\/span><\/p>\n<p style=\"text-align: left;\"><span style=\"color: #000000;\">Sobald sich der Kunde mit der Zahlung in Verzug befindet, ist die Hauff<\/span><br \/><span style=\"color: #000000;\">Schreibger\u00e4te GmbH berechtigt, dem Kunden gem\u00e4\u00df \u00a7\u00a7 288; 286 BGB Verzugszinsen<\/span><br \/><span style=\"color: #000000;\">in Rechnung zu stellen.<\/span><\/p>\n<p style=\"text-align: left;\"><span style=\"color: #000000;\"><\/span><\/p>\n<p style=\"text-align: left;\"><span style=\"color: #000000;\">Die Hauff Schreibger\u00e4te GmbH beh\u00e4lt sich vor, bei Kunden im Ausland, neuen<\/span><br \/><span style=\"color: #000000;\">Kunden oder in besonderen F\u00e4llen nur die Zahlung per Vorauskasse zu<\/span><br \/><span style=\"color: #000000;\">akzeptieren. Vor vollst\u00e4ndiger Bezahlung offen stehender Rechnungsbetr\u00e4ge ist<\/span><br \/><span style=\"color: #000000;\">die Hauff Schreibger\u00e4te GmbH zur weiteren Lieferung nicht verpflichtet.<\/span><\/p>\n<p style=\"text-align: left;\"><span style=\"color: #000000;\"><\/span><\/p>\n<h2 class=\"wp-block-heading\" style=\"text-align: left;\"><span style=\"color: #000000;\">\u00a7 7 Gew\u00e4hrleistung und Haftung; Falschlieferung<\/span><\/h2>\n<p style=\"text-align: left;\"><span style=\"color: #000000;\"><\/span><\/p>\n<figure class=\"wp-block-table\">\n<table class=\"has-fixed-layout\">\n<tbody>\n<tr>\n<td><span style=\"color: #000000;\">a)<\/span><\/td>\n<td><span style=\"color: #000000;\">Etwaige M\u00e4ngelr\u00fcgen sind unverz\u00fcglich zu erheben und zu begr\u00fcnden; sie<\/span><br \/><span style=\"color: #000000;\">finden nur Ber\u00fccksichtigung, wenn sie der Hauff Schreibger\u00e4te GmbH binnen 10<\/span><br \/><span style=\"color: #000000;\">Tagen nach Empfang der Ware zugegangen sind. Bei fristgerechter, berechtigter<\/span><br \/><span style=\"color: #000000;\">M\u00e4ngelr\u00fcge und festgestellten M\u00e4ngeln ist die Hauff Schreibger\u00e4te GmbH<\/span><br \/><span style=\"color: #000000;\">berechtigt, nach ihrer Wahl kostenlos nachzubessern, Ersatz zu liefern oder<\/span><br \/><span style=\"color: #000000;\">eine Gutschrift zu erteilen. M\u00e4ngel nur eines Teiles der Lieferung k\u00f6nnen<\/span><br \/><span style=\"color: #000000;\">nicht zur Beanstandung der gesamten Lieferung f\u00fchren. Gelingt die<\/span><br \/><span style=\"color: #000000;\">Nachbesserung nicht, hat der Besteller oder K\u00e4ufer das Recht auf<\/span><br \/><span style=\"color: #000000;\">R\u00fcckg\u00e4ngigmachung des Kaufes oder Herabsetzung des Kaufpreises. Weitergehende<\/span><br \/><span style=\"color: #000000;\">Anspr\u00fcche, insbesondere Schadensersatzanspr\u00fcche, des Bestellers oder K\u00e4ufers,<\/span><br \/><span style=\"color: #000000;\">sind unabh\u00e4ngig von ihrem Rechtsgrund ausgeschlossen. Die Gew\u00e4hrleistungsfrist<\/span><br \/><span style=\"color: #000000;\">betr\u00e4gt f\u00fcr Sch\u00e4den jeglicher Art sechs Monate, wenn nicht ein l\u00e4ngerer<\/span><br \/><span style=\"color: #000000;\">Zeitraum angegeben ist.<\/span><\/td>\n<\/tr>\n<tr>\n<td><span style=\"color: #000000;\">b)<\/span><\/td>\n<td><span style=\"color: #000000;\">Die Hauff Schreibger\u00e4te GmbH haftet ausschlie\u00dflich f\u00fcr Vorsatz und<\/span><br \/><span style=\"color: #000000;\">grobe Fahrl\u00e4ssigkeit. Im Falle der leicht oder mittel fahrl\u00e4ssigen Verletzung<\/span><br \/><span style=\"color: #000000;\">einer Vertragspflicht haftet die Hauff Schreibger\u00e4te GmbH ausschlie\u00dflich bis<\/span><br \/><span style=\"color: #000000;\">zum typischerweise vorhersehbaren Schaden, der in jeder Hinsicht begrenzt ist<\/span><br \/><span style=\"color: #000000;\">auf den Kaufpreis der bestellten Ware. Der Ersatz mittelbarer Sch\u00e4den ist<\/span><br \/><span style=\"color: #000000;\">ausgeschlossen.<\/span><\/td>\n<\/tr>\n<tr>\n<td><span style=\"color: #000000;\">c)<\/span><\/td>\n<td><span style=\"color: #000000;\">Soweit die Haftung der Hauff Schreibger\u00e4te GmbH ausgeschlossen ist,<\/span><br \/><span style=\"color: #000000;\">gilt dies auch f\u00fcr die pers\u00f6nliche Haftung von Arbeitnehmern, Vertretern oder<\/span><br \/><span style=\"color: #000000;\">Erf\u00fcllungsgehilfen der Hauff Schreibger\u00e4te GmbH.<\/span><\/td>\n<\/tr>\n<tr>\n<td><span style=\"color: #000000;\">d)<\/span><\/td>\n<td><span style=\"color: #000000;\">Handelt es sich um eine falsch zusammengestellte Lieferung oder um<\/span><br \/><span style=\"color: #000000;\">eine fehlerhafte Ware, werden die Kosten der R\u00fccksendung durch die Hauff<\/span><br \/><span style=\"color: #000000;\">Schreibger\u00e4te GmbH \u00fcbernommen. In diesem Fall ist der Kunde verpflichtet, die<\/span><br \/><span style=\"color: #000000;\">Auftragsnummer und den Grund f\u00fcr die R\u00fccksendung mitzuteilen und die Ware zur<\/span><br \/><span style=\"color: #000000;\">Abholung bereitzuhalten. Die Abholung der Ware wird durch die Hauff<\/span><br \/><span style=\"color: #000000;\">Schreibger\u00e4te GmbH organisiert und veranlasst.<\/span><\/td>\n<\/tr>\n<\/tbody>\n<\/table>\n<\/figure>\n<p style=\"text-align: left;\"><span style=\"color: #000000;\"><\/span><\/p>\n<h2 class=\"wp-block-heading\" style=\"text-align: left;\"><span style=\"color: #000000;\">\u00a7 8 Datensicherheit<\/span><\/h2>\n<p style=\"text-align: left;\"><span style=\"color: #000000;\"><\/span><\/p>\n<p style=\"text-align: left;\"><span style=\"color: #000000;\">Der Kunde willigt ein, dass die Hauff Schreibger\u00e4te GmbH im gesetzlich<\/span><br \/><span style=\"color: #000000;\">zul\u00e4ssigen Rahmen personenbezogene Daten erhebt, speichert, verarbeitet oder<\/span><br \/><span style=\"color: #000000;\">zu eigenen Zwecken nutzt. \u00dcber eine f\u00fcr die Bearbeitung der Kundenauftr\u00e4ge und<\/span><br \/><span style=\"color: #000000;\">einem guten Kundenservice notwendige Nutzung der Daten hinaus, wird die Hauff<\/span><br \/><span style=\"color: #000000;\">Schreibger\u00e4te GmbH die Kundendaten nicht verwerten oder weitergeben.<\/span><\/p>\n<p style=\"text-align: left;\"><span style=\"color: #000000;\"><\/span><\/p>\n<h2 class=\"wp-block-heading\" style=\"text-align: left;\"><span style=\"color: #000000;\">\u00a7 9 Rechte an Artikeldaten, Lichtbildern<\/span><\/h2>\n<p style=\"text-align: left;\"><span style=\"color: #000000;\"><\/span><\/p>\n<p style=\"text-align: left;\"><span style=\"color: #000000;\">Daten und Lichtbilder zu Artikeln der Hauff Schreibger\u00e4te GmbH, die sie<\/span><br \/><span style=\"color: #000000;\">ihrem Gesch\u00e4ftspartner elektronisch oder auf anderem Wege \u00fcbermittelt,<\/span><br \/><span style=\"color: #000000;\">unterliegen vollst\u00e4ndig den Eigentumsrechten und sonstigen Rechten der<\/span><br \/><span style=\"color: #000000;\">Hauff Schreibger\u00e4te GmbH. Die Hauff Schreibger\u00e4te GmbH ist jederzeit berechtigt,<\/span><br \/><span style=\"color: #000000;\">das Recht zum Gebrauch dieser Artikeldaten und Lichtbilder gegen\u00fcber<\/span><br \/><span style=\"color: #000000;\">dem Gesch\u00e4ftspartner zu untersagen bzw. zu widerrufen.<\/span><br \/><span style=\"color: #000000;\">Bei Verwendung der Daten oder Lichtbilder der Hauff Schreibger\u00e4te GmbH<\/span><br \/><span style=\"color: #000000;\">durch den Gesch\u00e4ftspartner ist dieser verpflichtet, diesbez\u00fcgliche Artikel, die<\/span><br \/><span style=\"color: #000000;\">ein Dritter bei dem Gesch\u00e4ftspartner bestellt, bei der Hauff Schreibger\u00e4te<\/span><br \/><span style=\"color: #000000;\">GmbH intern zu den von ihr dem Gesch\u00e4ftspartner angebotenen Preisen<\/span><br \/><span style=\"color: #000000;\">abzunehmen<\/span><\/p>\n<p style=\"text-align: left;\"><span style=\"color: #000000;\"><\/span><\/p>\n<h2 class=\"wp-block-heading\" style=\"text-align: left;\"><span style=\"color: #000000;\">\u00a7 10 Vertragsverletzungen<\/span><\/h2>\n<p style=\"text-align: left;\"><span style=\"color: #000000;\"><\/span><\/p>\n<p style=\"text-align: left;\"><span style=\"color: #000000;\">Vertragsverletzungen berechtigen die Hauff Schreibger\u00e4te GmbH ohne<\/span><br \/><span style=\"color: #000000;\">Fristsetzung zum teilweisen oder vollst\u00e4ndigen R\u00fccktritt, ungeachtet aller der<\/span><br \/><span style=\"color: #000000;\">Hauff Schreibger\u00e4te GmbH nach diesen Bedingungen und dem Gesetz zustehenden<\/span><br \/><span style=\"color: #000000;\">Schadensersatzanspr\u00fcchen.<\/span><\/p>\n<p style=\"text-align: left;\"><span style=\"color: #000000;\"><\/span><\/p>\n<h2 class=\"wp-block-heading\" style=\"text-align: left;\"><span style=\"color: #000000;\">\u00a7 11 Erf\u00fcllungsort und Gerichtsstand<\/span><\/h2>\n<p style=\"text-align: left;\"><span style=\"color: #000000;\"><\/span><\/p>\n<p style=\"text-align: left;\"><span style=\"color: #000000;\">Erf\u00fcllungsort ist Konstanz. Auf die Rechtsverh\u00e4ltnisse der Vertragsparteien<\/span><br \/><span style=\"color: #000000;\">findet deutsches Recht unter Ausschluss des UN-Kaufrechts Anwendung. Soweit<\/span><br \/><span style=\"color: #000000;\">der K\u00e4ufer Kaufmann im Sinne des Handelsgesetzbuches, juristische Person des<\/span><br \/><span style=\"color: #000000;\">\u00f6ffentlichen Rechts oder \u00f6ffentlich-rechtliches Sonderverm\u00f6gen ist, ist<\/span><br \/><span style=\"color: #000000;\">Konstanz ausschlie\u00dflicher Gerichtsstand f\u00fcr alle sich aus dem<\/span><br \/><span style=\"color: #000000;\">Vertragsverh\u00e4ltnis unmittelbar und mittelbar ergebenden Streitigkeiten. Falls<\/span><br \/><span style=\"color: #000000;\">deutsche Urteile im Heimatland des K\u00e4ufers nicht vollstreckt werden k\u00f6nnen,<\/span><br \/><span style=\"color: #000000;\">ist der Gerichtsstand, in diesem Falle f\u00fcr etwaige Klagen gegen den K\u00e4ufer,<\/span><br \/><span style=\"color: #000000;\">dessen Wohnsitz.<\/span><\/p>\n<p style=\"text-align: left;\"><span style=\"color: #000000;\"><\/span><\/p>\n<h2 class=\"wp-block-heading\" style=\"text-align: left;\"><span style=\"color: #000000;\">\u00a7 12 Salvatorische Klausel<\/span><\/h2>\n<p style=\"text-align: left;\"><span style=\"color: #000000;\"><\/span><\/p>\n<p style=\"text-align: left;\"><span style=\"color: #000000;\">Sollten einzelne Bestimmungen dieser allgemeinen Gesch\u00e4ftsbedingungen ganz<\/span><br \/><span style=\"color: #000000;\">oder teilweise nicht rechtswirksam sein oder ihre Rechtswirksamkeit sp\u00e4ter<\/span><br \/><span style=\"color: #000000;\">verlieren, so wird hierdurch die G\u00fcltigkeit der allgemeinen<\/span><br \/><span style=\"color: #000000;\">Gesch\u00e4ftsbedingungen ansonsten nicht ber\u00fchrt. An die Stelle der unwirksamen<\/span><br \/><span style=\"color: #000000;\">Bestimmung treten die gesetzlichen Bestimmungen. Das gleiche gilt, soweit die<\/span><br \/><span style=\"color: #000000;\">allgemeinen Gesch\u00e4ftsbedingungen eine nicht vorhergesehene L\u00fccke aufweisen.<\/span><\/p>\n<p><span style=\"color: #000000;\"><\/span><\/p>\t\t\t\t\t\t\t\t<\/div>\n\t\t\t\t<\/div>\n\t\t\t\t\t<\/div>\n\t\t\t\t<\/div>\n\t\t\t\t<\/div>\n\t\t","protected":false},"excerpt":{"rendered":"<p>Verkaufs-, Lieferungs- und Zahlungsbedingungen der Firma Hauff Schreibger\u00e4te GmbH \u00a7 1 Geltungsbereich Diese allgemeinen Gesch\u00e4ftsbedingungen gelten f\u00fcr alle Vertr\u00e4ge zwischen<\/p>\n","protected":false},"author":1,"featured_media":0,"parent":0,"menu_order":0,"comment_status":"closed","ping_status":"closed","template":"","meta":{"footnotes":""},"class_list":["post-1974","page","type-page","status-publish","hentry"],"jetpack_sharing_enabled":true,"_links":{"self":[{"href":"https:\/\/contigo-deutschland.de\/index.php\/wp-json\/wp\/v2\/pages\/1974","targetHints":{"allow":["GET"]}}],"collection":[{"href":"https:\/\/contigo-deutschland.de\/index.php\/wp-json\/wp\/v2\/pages"}],"about":[{"href":"https:\/\/contigo-deutschland.de\/index.php\/wp-json\/wp\/v2\/types\/page"}],"author":[{"embeddable":true,"href":"https:\/\/contigo-deutschland.de\/index.php\/wp-json\/wp\/v2\/users\/1"}],"replies":[{"embeddable":true,"href":"https:\/\/contigo-deutschland.de\/index.php\/wp-json\/wp\/v2\/comments?post=1974"}],"version-history":[{"count":4,"href":"https:\/\/contigo-deutschland.de\/index.php\/wp-json\/wp\/v2\/pages\/1974\/revisions"}],"predecessor-version":[{"id":2054,"href":"https:\/\/contigo-deutschland.de\/index.php\/wp-json\/wp\/v2\/pages\/1974\/revisions\/2054"}],"wp:attachment":[{"href":"https:\/\/contigo-deutschland.de\/index.php\/wp-json\/wp\/v2\/media?parent=1974"}],"curies":[{"name":"wp","href":"https:\/\/api.w.org\/{rel}","templated":true}]}}