{"id":1972,"date":"2025-02-06T15:44:19","date_gmt":"2025-02-06T14:44:19","guid":{"rendered":"https:\/\/contigo-deutschland.de\/?page_id=1972"},"modified":"2025-05-12T16:14:24","modified_gmt":"2025-05-12T14:14:24","slug":"impressum","status":"publish","type":"page","link":"https:\/\/contigo-deutschland.de\/index.php\/impressum\/","title":{"rendered":"Impressum"},"content":{"rendered":"\t\t<div data-elementor-type=\"wp-page\" data-elementor-id=\"1972\" class=\"elementor elementor-1972\">\n\t\t\t\t<div class=\"wd-negative-gap elementor-element elementor-element-43975b7e e-flex e-con-boxed e-con e-parent\" data-id=\"43975b7e\" data-element_type=\"container\" data-e-type=\"container\">\n\t\t\t\t\t<div class=\"e-con-inner\">\n\t\t\t\t<div class=\"elementor-element elementor-element-225d61a0 color-scheme-inherit text-left elementor-widget elementor-widget-text-editor\" data-id=\"225d61a0\" data-element_type=\"widget\" data-e-type=\"widget\" data-widget_type=\"text-editor.default\">\n\t\t\t\t<div class=\"elementor-widget-container\">\n\t\t\t\t\t\t\t\t\t\n<h1 class=\"wp-block-heading\"><span style=\"color: #000000;\">Impressum<\/span><\/h1>\n<p><span style=\"color: #000000;\"><\/span><\/p>\n<p><span style=\"color: #000000;\">Hauff Schreibger\u00e4te GmbH<\/span><br \/><span style=\"color: #000000;\">Am Wollmatinger Ried 7<\/span><br \/><span style=\"color: #000000;\">DE-78479 Reichenau<\/span><\/p>\n<p><span style=\"color: #000000;\"><\/span><\/p>\n<p><span style=\"color: #000000;\">Telefon: +49 7531 457 178 0<\/span><br \/><span style=\"color: #000000;\">Telefax: +49 7531 457 178 5<\/span><\/p>\n<p><span style=\"color: #000000;\"><\/span><\/p>\n<p><span style=\"color: #000000;\">E-Mail: contacts@hauff-gmbh.de<\/span><br \/><span style=\"color: #000000;\">Web: www.hauff-gmbh.de<\/span><\/p>\n<p><span style=\"color: #000000;\"><\/span><\/p>\n<p><span style=\"color: #000000;\">Vertretungsberechtigter Gesch\u00e4ftsf\u00fchrer: Fabian Krieg<\/span><br \/><span style=\"color: #000000;\">Umsatzsteuernummer: DE142312430<\/span><br \/><span style=\"color: #000000;\">Steuernummer: 09048\/01592<\/span><br \/><span style=\"color: #000000;\">HRB 380924 Handelsregister Freiburg i.Br.<\/span><\/p>\n<p><span style=\"color: #000000;\"><\/span><\/p>\n<h1 class=\"wp-block-heading\"><span style=\"color: #000000;\">Urheberrechtshinweis<\/span><\/h1>\n<p><span style=\"color: #000000;\"><\/span><\/p>\n<p><span style=\"color: #000000;\">Alle auf diesen Webseiten ver\u00f6ffentlichten Inhalte, Werke und<\/span><br \/><span style=\"color: #000000;\">bereitgestellten Informationen, insbesondere der Online-Kataloge mit<\/span><br \/><span style=\"color: #000000;\">Texten, Fotografien und Grafiken unterliegen dem deutschen Urheberrecht<\/span><br \/><span style=\"color: #000000;\">und Leistungsschutzrecht. Das Urheberrecht liegt, soweit nicht<\/span><br \/><span style=\"color: #000000;\">ausdr\u00fccklich anders gekennzeichnet, bei der Firma Hauff<\/span><br \/><span style=\"color: #000000;\">Schreibger\u00e4te GmbH. Jede Art der Vervielf\u00e4ltigung, Bearbeitung,<\/span><br \/><span style=\"color: #000000;\">Verbreitung, Einspeicherung und jede Art der Verwertung au\u00dferhalb<\/span><br \/><span style=\"color: #000000;\">der Grenzen des Urheberrechts bedarf der vorherigen schriftlichen<\/span><br \/><span style=\"color: #000000;\">Zustimmung der Firma Hauff Schreibger\u00e4te GmbH. Das unerlaubte<\/span><br \/><span style=\"color: #000000;\">(auch nur teilweise) Kopieren\/Speichern der bereitgestellten Informationen<\/span><br \/><span style=\"color: #000000;\">auf diesen Webseiten ist nicht gestattet und strafbar.<\/span><\/p>\n<p><span style=\"color: #000000;\"><\/span><\/p>\n<p><span style=\"color: #000000;\">Hauff Schreibger\u00e4te GmbH<\/span><\/p>\n<p><span style=\"color: #000000;\"><\/span><\/p>\n<h1 class=\"wp-block-heading\"><span style=\"color: #000000;\">Externe Links<\/span><\/h1>\n<p><span style=\"color: #000000;\"><\/span><\/p>\n<p><span style=\"color: #000000;\">Die Webseite enth\u00e4lt sog. \u201eexterne Links\u201c (Verlinkungen) zu<\/span><br \/><span style=\"color: #000000;\">anderen Webseiten, auf deren Inhalt die Hauff schreibger\u00e4te GmbH<\/span><br \/><span style=\"color: #000000;\">keinen Einfluss hat. Aus diesem Grund kann die Hauff Schreibger\u00e4te GmbH<\/span><br \/><span style=\"color: #000000;\">f\u00fcr diese Inhalte auch keine Gew\u00e4hr \u00fcbernehmen.<\/span><br \/><span style=\"color: #000000;\">F\u00fcr die Inhalte und Richtigkeit der bereitgestellten Informationen<\/span><br \/><span style=\"color: #000000;\">ist der jeweilige Anbieter der verlinkten Webseite verantwortlich.<\/span><\/p>\n<p><span style=\"color: #000000;\"><\/span><\/p>\n<h1 class=\"wp-block-heading\"><span style=\"color: #000000;\">Haftungsbeschr\u00e4nkung<\/span><\/h1>\n<p><span style=\"color: #000000;\"><\/span><\/p>\n<p><span style=\"color: #000000;\">Die Inhalte des Internetauftritts wurden mit gr\u00f6\u00dftm\u00f6glicher<\/span><br \/><span style=\"color: #000000;\">Sorgfalt und nach bestem Gewissen erstellt. Dennoch \u00fcbernimmt der<\/span><br \/><span style=\"color: #000000;\">Anbieter dieser Webseite keine Gew\u00e4hr f\u00fcr die Aktualit\u00e4t,<\/span><br \/><span style=\"color: #000000;\">Vollst\u00e4ndigkeit und Richtigkeit der bereitgestellten Seiten und Inhalte.<\/span><\/p>\n<p><span style=\"color: #000000;\"><\/span><\/p>\n<p><span style=\"color: #000000;\">Als Diensteanbieter ist der Anbieter dieser Webseite<\/span><br \/><span style=\"color: #000000;\">gem\u00e4\u00df \u00a7 7 Abs. 1 TMG f\u00fcr eigene Inhalte und bereitgestellte<\/span><br \/><span style=\"color: #000000;\">Informationen auf diesen Seiten nach den allgemeinen Gesetzen<\/span><br \/><span style=\"color: #000000;\">verantwortlich; nach den \u00a7\u00a7 8 bis 10 TMG jedoch nicht verpflichtet,<\/span><br \/><span style=\"color: #000000;\">die \u00fcbermittelten oder gespeicherten fremden Informationen<\/span><br \/><span style=\"color: #000000;\">zu \u00fcberwachen. Eine Entfernung oder Sperrung dieser Inhalte erfolgt<\/span><br \/><span style=\"color: #000000;\">umgehend ab dem Zeitpunkt der Kenntnis einer konkreten Rechtsverletzung.<\/span><br \/><span style=\"color: #000000;\">Eine Haftung ist erst ab dem Zeitpunkt der Kenntniserlangung m\u00f6glich.<\/span><\/p>\n\t\t\t\t\t\t\t\t<\/div>\n\t\t\t\t<\/div>\n\t\t\t\t\t<\/div>\n\t\t\t\t<\/div>\n\t\t\t\t<\/div>\n\t\t","protected":false},"excerpt":{"rendered":"<p>Impressum Hauff Schreibger\u00e4te GmbHAm Wollmatinger Ried 7DE-78479 Reichenau Telefon: +49 7531 457 178 0Telefax: +49 7531 457 178 5 E-Mail:<\/p>\n","protected":false},"author":1,"featured_media":0,"parent":0,"menu_order":0,"comment_status":"closed","ping_status":"closed","template":"","meta":{"footnotes":""},"class_list":["post-1972","page","type-page","status-publish","hentry"],"jetpack_sharing_enabled":true,"_links":{"self":[{"href":"https:\/\/contigo-deutschland.de\/index.php\/wp-json\/wp\/v2\/pages\/1972","targetHints":{"allow":["GET"]}}],"collection":[{"href":"https:\/\/contigo-deutschland.de\/index.php\/wp-json\/wp\/v2\/pages"}],"about":[{"href":"https:\/\/contigo-deutschland.de\/index.php\/wp-json\/wp\/v2\/types\/page"}],"author":[{"embeddable":true,"href":"https:\/\/contigo-deutschland.de\/index.php\/wp-json\/wp\/v2\/users\/1"}],"replies":[{"embeddable":true,"href":"https:\/\/contigo-deutschland.de\/index.php\/wp-json\/wp\/v2\/comments?post=1972"}],"version-history":[{"count":4,"href":"https:\/\/contigo-deutschland.de\/index.php\/wp-json\/wp\/v2\/pages\/1972\/revisions"}],"predecessor-version":[{"id":2051,"href":"https:\/\/contigo-deutschland.de\/index.php\/wp-json\/wp\/v2\/pages\/1972\/revisions\/2051"}],"wp:attachment":[{"href":"https:\/\/contigo-deutschland.de\/index.php\/wp-json\/wp\/v2\/media?parent=1972"}],"curies":[{"name":"wp","href":"https:\/\/api.w.org\/{rel}","templated":true}]}}